{"id":518,"date":"2024-12-17T21:33:16","date_gmt":"2024-12-17T21:33:16","guid":{"rendered":"https:\/\/mayr-frieda.web.kslinz.at\/mayrf2024\/?page_id=518"},"modified":"2026-01-10T23:20:10","modified_gmt":"2026-01-10T23:20:10","slug":"ueber-mich","status":"publish","type":"page","link":"https:\/\/mayr-frieda.web.kslinz.at\/mayrf2024\/index.php\/ueber-mich\/","title":{"rendered":"\u00dcber mich"},"content":{"rendered":"\n<div class=\"wp-block-media-text alignwide is-stacked-on-mobile\" style=\"grid-template-columns:30% auto\"><figure class=\"wp-block-media-text__media\"><img loading=\"lazy\" decoding=\"async\" width=\"768\" height=\"1024\" src=\"https:\/\/mayr-frieda.web.kslinz.at\/mayrf2024\/wp-content\/uploads\/2024\/12\/IMG_3154-768x1024.jpeg\" alt=\"\" class=\"wp-image-656 size-full\" srcset=\"https:\/\/mayr-frieda.web.kslinz.at\/mayrf2024\/wp-content\/uploads\/2024\/12\/IMG_3154-768x1024.jpeg 768w, https:\/\/mayr-frieda.web.kslinz.at\/mayrf2024\/wp-content\/uploads\/2024\/12\/IMG_3154-225x300.jpeg 225w, https:\/\/mayr-frieda.web.kslinz.at\/mayrf2024\/wp-content\/uploads\/2024\/12\/IMG_3154-1152x1536.jpeg 1152w, https:\/\/mayr-frieda.web.kslinz.at\/mayrf2024\/wp-content\/uploads\/2024\/12\/IMG_3154-1536x2048.jpeg 1536w, https:\/\/mayr-frieda.web.kslinz.at\/mayrf2024\/wp-content\/uploads\/2024\/12\/IMG_3154-500x667.jpeg 500w, https:\/\/mayr-frieda.web.kslinz.at\/mayrf2024\/wp-content\/uploads\/2024\/12\/IMG_3154-800x1067.jpeg 800w, https:\/\/mayr-frieda.web.kslinz.at\/mayrf2024\/wp-content\/uploads\/2024\/12\/IMG_3154-1280x1707.jpeg 1280w, https:\/\/mayr-frieda.web.kslinz.at\/mayrf2024\/wp-content\/uploads\/2024\/12\/IMG_3154-scaled.jpeg 1920w, https:\/\/mayr-frieda.web.kslinz.at\/mayrf2024\/wp-content\/uploads\/2024\/12\/IMG_3154-1870x2493.jpeg 1870w, https:\/\/mayr-frieda.web.kslinz.at\/mayrf2024\/wp-content\/uploads\/2024\/12\/IMG_3154-400x533.jpeg 400w\" sizes=\"auto, (max-width: 768px) 100vw, 768px\" \/><\/figure><div class=\"wp-block-media-text__content\">\n<p>Ich liebe das Meer und v. a. die Berge, die ich jeden Tag als erstes erblicke, wenn ich aus meinem Fenster schaue. Mit meinen Eltern, meiner Schwester, meinem Bruder und unseren zwei Katzen lebe ich in Oberschlierbach, umgeben von Wald, Weiden und Bergen. Dieses Umfeld pr\u00e4gt mein Dasein: meine Begeisterung f\u00fcr die Sch\u00f6nheit der Natur, die Unternehmungen mit meiner Familie und meinen Freunden oder f\u00fcr die Musik, querbeet durch alle Genres. Gef\u00f6rdert wurde dies durch die Reisen im VW-Synchro, bei denen meine Eltern uns Kindern von klein auf Land und Leute in Albanien, Bosnien, Griechenland, T\u00fcrkei und Georgien hautnah erleben lie\u00dfen. Die Lust auf das Entdecken von Neuem, sich Einlassen auf Unbekanntes und an etwas dranbleiben habe ich mir davon f\u00fcr alle Lebensbereiche mitgenommen. Zur Zeit besuche ich die 4. Klasse der HLW f\u00fcr Kommunikations- und Mediendesign der Kreuzschwestern Linz, der beste Platz f\u00fcr mich, um zu lernen, wie Ideen in diesem Bereich kreativ umgesetzt werden k\u00f6nnen.<\/p>\n<\/div><\/div>\n","protected":false},"excerpt":{"rendered":"<p>Ich liebe das Meer und v. a. die Berge, die ich jeden Tag als erstes erblicke, wenn ich aus meinem Fenster schaue. Mit meinen Eltern, meiner Schwester, meinem Bruder und unseren zwei Katzen lebe ich in Oberschlierbach, umgeben von Wald, Weiden und Bergen. Dieses Umfeld pr\u00e4gt mein Dasein: meine Begeisterung f\u00fcr die Sch\u00f6nheit der Natur, [&hellip;]<\/p>\n","protected":false},"author":1,"featured_media":0,"parent":0,"menu_order":0,"comment_status":"closed","ping_status":"closed","template":"","meta":{"_vp_format_video_url":"","_vp_image_focal_point":[],"footnotes":""},"class_list":["post-518","page","type-page","status-publish","hentry","missing-thumbnail"],"_links":{"self":[{"href":"https:\/\/mayr-frieda.web.kslinz.at\/mayrf2024\/index.php\/wp-json\/wp\/v2\/pages\/518","targetHints":{"allow":["GET"]}}],"collection":[{"href":"https:\/\/mayr-frieda.web.kslinz.at\/mayrf2024\/index.php\/wp-json\/wp\/v2\/pages"}],"about":[{"href":"https:\/\/mayr-frieda.web.kslinz.at\/mayrf2024\/index.php\/wp-json\/wp\/v2\/types\/page"}],"author":[{"embeddable":true,"href":"https:\/\/mayr-frieda.web.kslinz.at\/mayrf2024\/index.php\/wp-json\/wp\/v2\/users\/1"}],"replies":[{"embeddable":true,"href":"https:\/\/mayr-frieda.web.kslinz.at\/mayrf2024\/index.php\/wp-json\/wp\/v2\/comments?post=518"}],"version-history":[{"count":30,"href":"https:\/\/mayr-frieda.web.kslinz.at\/mayrf2024\/index.php\/wp-json\/wp\/v2\/pages\/518\/revisions"}],"predecessor-version":[{"id":849,"href":"https:\/\/mayr-frieda.web.kslinz.at\/mayrf2024\/index.php\/wp-json\/wp\/v2\/pages\/518\/revisions\/849"}],"wp:attachment":[{"href":"https:\/\/mayr-frieda.web.kslinz.at\/mayrf2024\/index.php\/wp-json\/wp\/v2\/media?parent=518"}],"curies":[{"name":"wp","href":"https:\/\/api.w.org\/{rel}","templated":true}]}}